{"id":335,"date":"2021-07-12T12:57:04","date_gmt":"2021-07-12T12:57:04","guid":{"rendered":"https:\/\/szablon.pawelkepa.pl\/demo1\/?page_id=335"},"modified":"2025-03-02T13:35:01","modified_gmt":"2025-03-02T12:35:01","slug":"strona-glowna","status":"publish","type":"page","link":"https:\/\/klinikanaturalnie.pl\/","title":{"rendered":"Strona g\u0142\u00f3wna"},"content":{"rendered":"\n<div class=\"wp-block-getwid-section alignfull alignfull getwid-section-content-custom-width\"><div class=\"wp-block-getwid-section__wrapper getwid-padding-left-medium getwid-padding-right-medium\" style=\"padding-top:60px;padding-bottom:10px\"><div class=\"wp-block-getwid-section__inner-wrapper\" style=\"max-width:1140px\"><div class=\"wp-block-getwid-section__background-holder\"><div class=\"wp-block-getwid-section__background has-background has-black-background-color\"><\/div><div class=\"wp-block-getwid-section__foreground\" style=\"opacity:0;background-color:#000000\"><\/div><\/div><div class=\"wp-block-getwid-section__content\"><div class=\"wp-block-getwid-section__inner-content\">\n<div class=\"wp-block-columns is-layout-flex wp-container-core-columns-is-layout-9d6595d7 wp-block-columns-is-layout-flex\">\n<div class=\"wp-block-column is-layout-flow wp-block-column-is-layout-flow\" style=\"flex-basis:70%\">\n<div class=\"wp-block-getwid-advanced-heading\" style=\"margin-bottom:30px;margin-top:10px\"><h2 class=\"wp-block-getwid-advanced-heading__content has-text-color has-white-color\" style=\"text-align:left\">Masz pytania? Zadzwo\u0144 <a href=\"tel:48660719595\">+48 660 719 595<\/a><\/h2><\/div>\n<\/div>\n\n\n\n<div class=\"wp-block-column ctablackkol2 is-layout-flow wp-block-column-is-layout-flow\">\n<div class=\"wp-block-buttons is-horizontal is-content-justification-right is-layout-flex wp-container-core-buttons-is-layout-ae2fe186 wp-block-buttons-is-layout-flex\">\n<div class=\"wp-block-button btn\"><a class=\"wp-block-button__link has-black-color has-white-background-color has-text-color has-background wp-element-button\" href=\"https:\/\/www.google.com\/search?q=Klinika+Naturalnie&amp;stick=H4sIAAAAAAAA_-NgU1I1qDAxNzRLMTROMzcxSjVONDS3MqgwTbVMSTVIMUpMS0o1SUqzWMQq5J2TmZeZnajgl1hSWpSYk5eZCgDvCdqxPgAAAA&amp;hl=pl&amp;mat=CbzqjsLDquwOElcBmzl_pc3orZloi3ISbgFTukMuGwcobIXkUK3yWcEOOag1waARhNFoTMpO7B44GUvjirw4fQAwVZetNkT4fhxs4ls_wJHrXyr7NnH8Oosax2m9_Bn0qEU&amp;authuser=0&amp;ved=2ahUKEwj9zMj4ru6LAxW_HRAIHWRqLtEQ-MgIegQIIhAe\" style=\"border-radius:1px\">Skontaktuj si\u0119 z nami<\/a><\/div>\n<\/div>\n\n\n\n<div style=\"height:10px\" aria-hidden=\"true\" class=\"wp-block-spacer\"><\/div>\n<\/div>\n<\/div>\n<\/div><\/div><\/div><\/div><\/div>\n\n\n\n<div class=\"wp-block-getwid-section alignfull alignfull getwid-section-content-custom-width\"><div class=\"wp-block-getwid-section__wrapper getwid-padding-left-medium getwid-padding-right-medium\" style=\"padding-top:100px;padding-bottom:0px\"><div class=\"wp-block-getwid-section__inner-wrapper\" style=\"max-width:1140px\"><div class=\"wp-block-getwid-section__background-holder\"><div class=\"wp-block-getwid-section__background has-background has-white-background-color\"><\/div><div class=\"wp-block-getwid-section__foreground\"><\/div><\/div><div class=\"wp-block-getwid-section__content\"><div class=\"wp-block-getwid-section__inner-content\">\n<div class=\"wp-block-columns is-layout-flex wp-container-core-columns-is-layout-9d6595d7 wp-block-columns-is-layout-flex\">\n<div class=\"wp-block-column is-layout-flow wp-block-column-is-layout-flow\">\n<div class=\"wp-block-getwid-advanced-heading\" style=\"margin-bottom:30px;margin-top:10px\"><h2 class=\"wp-block-getwid-advanced-heading__content\" style=\"text-align:left\"><a href=\"https:\/\/www.google.com\/search?q=Klinika+Naturalnie&amp;stick=H4sIAAAAAAAA_-NgU1I1qDAxNzRLMTROMzcxSjVONDS3MqgwTbVMSTVIMUpMS0o1SUqzWMQq5J2TmZeZnajgl1hSWpSYk5eZCgDvCdqxPgAAAA&amp;hl=pl&amp;mat=CbzqjsLDquwOElcBmzl_pc3orZloi3ISbgFTukMuGwcobIXkUK3yWcEOOag1waARhNFoTMpO7B44GUvjirw4fQAwVZetNkT4fhxs4ls_wJHrXyr7NnH8Oosax2m9_Bn0qEU&amp;authuser=0&amp;ved=2ahUKEwj9zMj4ru6LAxW_HRAIHWRqLtEQ-MgIegQIIhAe\">KLINIKA NATURALNIE<br>TW\u00d3J SALON KOSMETYCZNY<\/a><\/h2><\/div>\n\n\n\n<div style=\"height:20px\" aria-hidden=\"true\" class=\"wp-block-spacer\"><\/div>\n\n\n\n<p>Klinika Naturalnie &#8211; Twoje miejsce pi\u0119kna i relaksu w Czeladzi!<\/p>\n\n\n\n<p>Zapraszamy do naszego salonu kosmetycznego, gdzie pasja do naturalnej piel\u0119gnacji \u0142\u0105czy si\u0119 z profesjonalizmem.<\/p>\n\n\n\n<div style=\"height:15px\" aria-hidden=\"true\" class=\"wp-block-spacer\"><\/div>\n\n\n\n<div class=\"wp-block-columns is-layout-flex wp-container-core-columns-is-layout-9d6595d7 wp-block-columns-is-layout-flex\">\n<div class=\"wp-block-column is-layout-flow wp-block-column-is-layout-flow\">\n<div class=\"wp-block-buttons is-layout-flex wp-block-buttons-is-layout-flex\">\n<div class=\"wp-block-button btn mrgzero\"><a class=\"wp-block-button__link has-white-color has-black-background-color has-text-color has-background wp-element-button\" href=\"http:\/\/klinikanaturalnie.booksy.com\/a\" style=\"border-radius:1px\">UM\u00d3W SI\u0118<\/a><\/div>\n<\/div>\n<\/div>\n<\/div>\n\n\n\n<div style=\"height:50px\" aria-hidden=\"true\" class=\"wp-block-spacer\"><\/div>\n<\/div>\n\n\n\n<div class=\"wp-block-column is-layout-flow wp-block-column-is-layout-flow\" style=\"flex-basis:50%\">\n<figure class=\"wp-block-image size-full is-resized\"><img loading=\"lazy\" decoding=\"async\" width=\"2560\" height=\"1920\" src=\"https:\/\/klinikanaturalnie.pl\/wp-content\/uploads\/2023\/09\/salon-zdjecie-scaled.jpg\" alt=\"\" class=\"wp-image-1097\" style=\"width:533px;height:auto\" srcset=\"https:\/\/klinikanaturalnie.pl\/wp-content\/uploads\/2023\/09\/salon-zdjecie-scaled.jpg 2560w, https:\/\/klinikanaturalnie.pl\/wp-content\/uploads\/2023\/09\/salon-zdjecie-300x225.jpg 300w\" sizes=\"auto, (max-width: 2560px) 100vw, 2560px\" \/><\/figure>\n\n\n\n<div style=\"height:50px\" aria-hidden=\"true\" class=\"wp-block-spacer\"><\/div>\n<\/div>\n<\/div>\n<\/div><\/div><\/div><\/div><\/div>\n\n\n\n<div class=\"wp-block-columns is-layout-flex wp-container-core-columns-is-layout-9d6595d7 wp-block-columns-is-layout-flex\">\n<div class=\"wp-block-column is-layout-flow wp-block-column-is-layout-flow\" style=\"flex-basis:100%\">\n<div class=\"wp-block-getwid-section alignfull homecennik alignfull getwid-section-content-custom-width\"><div class=\"wp-block-getwid-section__wrapper getwid-padding-left-medium getwid-padding-right-medium\" style=\"padding-top:100px;padding-bottom:100px\"><div class=\"wp-block-getwid-section__inner-wrapper\" style=\"max-width:1140px\"><div class=\"wp-block-getwid-section__background-holder\"><div class=\"wp-block-getwid-section__background\"><\/div><div class=\"wp-block-getwid-section__foreground\"><\/div><\/div><div class=\"wp-block-getwid-section__content\"><div class=\"wp-block-getwid-section__inner-content\">\n<div class=\"wp-block-getwid-advanced-heading\" style=\"margin-bottom:30px;margin-top:10px\"><h2 class=\"wp-block-getwid-advanced-heading__content\" style=\"text-align:center\">NASZE US\u0141UGI<\/h2><\/div>\n\n\n\n<div style=\"height:20px\" aria-hidden=\"true\" class=\"wp-block-spacer\"><\/div>\n\n\n\n<div class=\"wp-block-getwid-tabs\" data-active-tab=\"0\"><ul class=\"wp-block-getwid-tabs__nav-links\"><\/ul>\n<div class=\"wp-block-getwid-tabs__nav-link\"><span class=\"wp-block-getwid-tabs__title-wrapper\"><a href=\"#\"><span class=\"wp-block-getwid-tabs__title\">Kosmetologia estetyczna<\/span><\/a><\/span><\/div><div class=\"wp-block-getwid-tabs__tab-content-wrapper\"><div class=\"wp-block-getwid-tabs__tab-content\">\n<div style=\"height:20px\" aria-hidden=\"true\" class=\"wp-block-spacer\"><\/div>\n\n\n\n<div class=\"wp-block-columns is-layout-flex wp-container-core-columns-is-layout-9d6595d7 wp-block-columns-is-layout-flex\">\n<div class=\"wp-block-column is-layout-flow wp-block-column-is-layout-flow\">\n<p>MEZOTERAPIA IG\u0141OWA<\/p>\n\n\n\n<p>LIPOLIZA INIEKCYJNA<\/p>\n\n\n\n<p>RADIOFREKWENCJA MIKROIG\u0141OWA<\/p>\n<\/div>\n\n\n\n<div class=\"wp-block-column is-layout-flow wp-block-column-is-layout-flow\">\n<p>FALA RADIOWA<\/p>\n\n\n\n<p>MEZOTERAPIA MIKROIG\u0141OWA<\/p>\n\n\n\n<p>STYLIZACJA BRWI I RZ\u0118S<\/p>\n<\/div>\n<\/div>\n<\/div><\/div>\n\n\n\n<div class=\"wp-block-getwid-tabs__nav-link\"><span class=\"wp-block-getwid-tabs__title-wrapper\"><a href=\"#\"><span class=\"wp-block-getwid-tabs__title\">Zabiegi piel\u0119gnacyjne<\/span><\/a><\/span><\/div><div class=\"wp-block-getwid-tabs__tab-content-wrapper\"><div class=\"wp-block-getwid-tabs__tab-content\">\n<div style=\"height:20px\" aria-hidden=\"true\" class=\"wp-block-spacer\"><\/div>\n\n\n\n<div class=\"wp-block-columns is-layout-flex wp-container-core-columns-is-layout-9d6595d7 wp-block-columns-is-layout-flex\">\n<div class=\"wp-block-column is-layout-flow wp-block-column-is-layout-flow\">\n<p>PRO XN<\/p>\n\n\n\n<p>NANOBRAZJA<\/p>\n\n\n\n<p>OCZYSZCZANIE WODOROWE<\/p>\n<\/div>\n<\/div>\n<\/div><\/div>\n\n\n\n<div class=\"wp-block-getwid-tabs__nav-link\"><span class=\"wp-block-getwid-tabs__title-wrapper\"><a href=\"#\"><span class=\"wp-block-getwid-tabs__title\">Masa\u017ce<\/span><\/a><\/span><\/div><div class=\"wp-block-getwid-tabs__tab-content-wrapper\"><div class=\"wp-block-getwid-tabs__tab-content\">\n<div style=\"height:20px\" aria-hidden=\"true\" class=\"wp-block-spacer\"><\/div>\n\n\n\n<div class=\"wp-block-columns is-layout-flex wp-container-core-columns-is-layout-9d6595d7 wp-block-columns-is-layout-flex\">\n<div class=\"wp-block-column is-layout-flow wp-block-column-is-layout-flow\">\n<p>KOBIDO<\/p>\n\n\n\n<p>RELAKSACYJNY AROMATERAPEUTYCZNY<\/p>\n<\/div>\n<\/div>\n<\/div><\/div>\n<\/div>\n<\/div><\/div><\/div><\/div><\/div>\n<\/div>\n<\/div>\n\n\n\n<div class=\"wp-block-getwid-section alignfull homeuslugi alignfull getwid-section-content-custom-width\"><div class=\"wp-block-getwid-section__wrapper getwid-padding-left-medium getwid-padding-right-medium\" style=\"padding-top:100px;padding-bottom:70px\"><div class=\"wp-block-getwid-section__inner-wrapper\" style=\"max-width:1140px\"><div class=\"wp-block-getwid-section__background-holder\"><div class=\"wp-block-getwid-section__background has-background has-white-background-color\"><\/div><div class=\"wp-block-getwid-section__foreground\"><\/div><\/div><div class=\"wp-block-getwid-section__content\"><div class=\"wp-block-getwid-section__inner-content\">\n<h2 class=\"wp-block-heading has-text-align-center\">DOWIEDZ SI\u0118 WI\u0118CEJ<\/h2>\n\n\n\n<div style=\"height:70px\" aria-hidden=\"true\" class=\"wp-block-spacer\"><\/div>\n\n\n\n<div class=\"wp-block-columns is-layout-flex wp-container-core-columns-is-layout-9d6595d7 wp-block-columns-is-layout-flex\">\n<div class=\"wp-block-column is-layout-flow wp-block-column-is-layout-flow\">\n<figure class=\"wp-block-image size-full\"><img loading=\"lazy\" decoding=\"async\" width=\"724\" height=\"483\" src=\"https:\/\/klinikanaturalnie.pl\/wp-content\/uploads\/2025\/03\/kosmetologia-estetyczna.jpg\" alt=\"\" class=\"wp-image-1121\" srcset=\"https:\/\/klinikanaturalnie.pl\/wp-content\/uploads\/2025\/03\/kosmetologia-estetyczna.jpg 724w, https:\/\/klinikanaturalnie.pl\/wp-content\/uploads\/2025\/03\/kosmetologia-estetyczna-300x200.jpg 300w\" sizes=\"auto, (max-width: 724px) 100vw, 724px\" \/><\/figure>\n\n\n\n<h4 class=\"wp-block-heading\">KOSMETOLOGIA ESTETYCZNA<\/h4>\n\n\n\n<div class=\"wp-block-buttons is-layout-flex wp-block-buttons-is-layout-flex\">\n<div class=\"wp-block-button btn mrgzero\"><a class=\"wp-block-button__link has-black-color has-white-background-color has-text-color has-background wp-element-button\" href=\"https:\/\/szablon.pawelkepa.pl\/demo7\/oferta\/\" style=\"border-radius:1px\"><strong>ZOBACZ WI\u0118CEJ<\/strong><\/a><\/div>\n<\/div>\n<\/div>\n\n\n\n<div class=\"wp-block-column is-layout-flow wp-block-column-is-layout-flow\">\n<figure class=\"wp-block-image size-full\"><img loading=\"lazy\" decoding=\"async\" width=\"1254\" height=\"836\" src=\"https:\/\/klinikanaturalnie.pl\/wp-content\/uploads\/2025\/03\/kosmetologia-pielegnacyjna.jpg\" alt=\"\" class=\"wp-image-1123\" srcset=\"https:\/\/klinikanaturalnie.pl\/wp-content\/uploads\/2025\/03\/kosmetologia-pielegnacyjna.jpg 1254w, https:\/\/klinikanaturalnie.pl\/wp-content\/uploads\/2025\/03\/kosmetologia-pielegnacyjna-300x200.jpg 300w, https:\/\/klinikanaturalnie.pl\/wp-content\/uploads\/2025\/03\/kosmetologia-pielegnacyjna-1024x683.jpg 1024w, https:\/\/klinikanaturalnie.pl\/wp-content\/uploads\/2025\/03\/kosmetologia-pielegnacyjna-768x512.jpg 768w\" sizes=\"auto, (max-width: 1254px) 100vw, 1254px\" \/><\/figure>\n\n\n\n<h4 class=\"wp-block-heading\">ZABIEGI PIEL\u0118GNACYJNE<\/h4>\n\n\n\n<div class=\"wp-block-buttons is-layout-flex wp-block-buttons-is-layout-flex\">\n<div class=\"wp-block-button btn mrgzero\"><a class=\"wp-block-button__link has-black-color has-white-background-color has-text-color has-background wp-element-button\" href=\"https:\/\/szablon.pawelkepa.pl\/demo7\/oferta\/\" style=\"border-radius:1px\"><strong>ZOBACZ WI\u0118CEJ<\/strong><\/a><\/div>\n<\/div>\n<\/div>\n\n\n\n<div class=\"wp-block-column is-layout-flow wp-block-column-is-layout-flow\">\n<figure class=\"wp-block-image size-full\"><img loading=\"lazy\" decoding=\"async\" width=\"1253\" height=\"836\" src=\"https:\/\/klinikanaturalnie.pl\/wp-content\/uploads\/2025\/03\/masaz.jpg\" alt=\"\" class=\"wp-image-1124\" srcset=\"https:\/\/klinikanaturalnie.pl\/wp-content\/uploads\/2025\/03\/masaz.jpg 1253w, https:\/\/klinikanaturalnie.pl\/wp-content\/uploads\/2025\/03\/masaz-300x200.jpg 300w, https:\/\/klinikanaturalnie.pl\/wp-content\/uploads\/2025\/03\/masaz-1024x683.jpg 1024w, https:\/\/klinikanaturalnie.pl\/wp-content\/uploads\/2025\/03\/masaz-768x512.jpg 768w\" sizes=\"auto, (max-width: 1253px) 100vw, 1253px\" \/><\/figure>\n\n\n\n<h4 class=\"wp-block-heading\">MASA\u017bE<\/h4>\n\n\n\n<div class=\"wp-block-buttons is-layout-flex wp-block-buttons-is-layout-flex\">\n<div class=\"wp-block-button btn mrgzero\"><a class=\"wp-block-button__link has-black-color has-white-background-color has-text-color has-background wp-element-button\" href=\"https:\/\/szablon.pawelkepa.pl\/demo7\/oferta\/\" style=\"border-radius:1px\"><strong>ZOBACZ WI\u0118CEJ<\/strong><\/a><\/div>\n<\/div>\n<\/div>\n<\/div>\n<\/div><\/div><\/div><\/div><\/div>\n\n\n\n<div class=\"wp-block-getwid-section alignfull opiniehome alignfull getwid-section-content-custom-width\"><div class=\"wp-block-getwid-section__wrapper getwid-padding-left-medium getwid-padding-right-medium\" style=\"padding-top:80px;padding-bottom:0px\"><div class=\"wp-block-getwid-section__inner-wrapper\" style=\"max-width:1140px\"><div class=\"wp-block-getwid-section__background-holder\"><div class=\"wp-block-getwid-section__background has-background has-black-background-color\"><\/div><div class=\"wp-block-getwid-section__foreground\" style=\"opacity:0;background-color:#ffffff\"><\/div><\/div><div class=\"wp-block-getwid-section__content\"><div class=\"wp-block-getwid-section__inner-content\">\n<div class=\"wp-block-columns has-2-columns is-layout-flex wp-container-core-columns-is-layout-9d6595d7 wp-block-columns-is-layout-flex\">\n<div class=\"wp-block-column is-layout-flow wp-block-column-is-layout-flow\" style=\"flex-basis:20%\"><\/div>\n\n\n\n<div class=\"wp-block-column is-layout-flow wp-block-column-is-layout-flow\" style=\"flex-basis:50%\">\n<div class=\"wp-block-getwid-advanced-heading\" style=\"margin-bottom:30px;margin-top:10px\"><h2 class=\"wp-block-getwid-advanced-heading__content has-text-color has-white-color\" style=\"text-align:center\">KLIENCI O NAS<\/h2><\/div>\n\n\n\n<div class=\"wp-block-getwid-advanced-spacer\" style=\"height:30px\" aria-hidden=\"true\"><\/div>\n\n\n\n<div class=\"wp-block-getwid-content-slider has-arrows-none has-dots-inside\" data-autoplay=\"true\" data-arrows=\"none\"><div class=\"wp-block-getwid-content-slider__wrapper\">\n<div class=\"wp-block-getwid-content-slider-slide\"><div class=\"wp-block-getwid-content-slider-slide__wrapper\">\n<p class=\"has-text-align-center\"><mark style=\"background-color:rgba(0, 0, 0, 0)\" class=\"has-inline-color has-white-color\"><em>Najlepsze wykonane brwi w moim \u017cyciu. Chcia\u0142am \u017ceby by\u0142y widoczne ale wci\u0105\u017c naturalnie wygl\u0105da\u0142y. Forma tez poprawiona perfekcyjnie. Do tego bardzo mi\u0142a Pani i przyjemna rozmowa. Nast\u0119pnym razem tylko Klinika Naturalnie. Polecam od ca\u0142ego serca!<\/em><\/mark><\/p>\n\n\n\n<p class=\"has-text-align-center has-white-color has-text-color\">Kateryna K, klientka<\/p>\n<\/div><\/div>\n<\/div><\/div>\n\n\n\n<div style=\"height:100px\" aria-hidden=\"true\" class=\"wp-block-spacer\"><\/div>\n<\/div>\n\n\n\n<div class=\"wp-block-column is-layout-flow wp-block-column-is-layout-flow\" style=\"flex-basis:20%\"><\/div>\n<\/div>\n<\/div><\/div><\/div><\/div><\/div>\n\n\n\n<div class=\"wp-block-getwid-section alignfull alignfull getwid-section-content-custom-width\"><div class=\"wp-block-getwid-section__wrapper getwid-padding-left-medium getwid-padding-right-medium\" style=\"padding-top:100px;padding-bottom:50px\"><div class=\"wp-block-getwid-section__inner-wrapper\" style=\"max-width:1140px\"><div class=\"wp-block-getwid-section__background-holder\"><div class=\"wp-block-getwid-section__background\"><\/div><div class=\"wp-block-getwid-section__foreground\"><\/div><\/div><div class=\"wp-block-getwid-section__content\"><div class=\"wp-block-getwid-section__inner-content\">\n<div class=\"wp-block-columns is-layout-flex wp-container-core-columns-is-layout-9d6595d7 wp-block-columns-is-layout-flex\">\n<div class=\"wp-block-column is-layout-flow wp-block-column-is-layout-flow\" style=\"flex-basis:50%\">\n<figure class=\"wp-block-image size-large is-resized\"><img loading=\"lazy\" decoding=\"async\" width=\"1024\" height=\"989\" src=\"https:\/\/klinikanaturalnie.pl\/wp-content\/uploads\/2023\/09\/voucher-1-1024x989.jpg\" alt=\"\" class=\"wp-image-1117\" style=\"width:399px;height:auto\" srcset=\"https:\/\/klinikanaturalnie.pl\/wp-content\/uploads\/2023\/09\/voucher-1-1024x989.jpg 1024w, https:\/\/klinikanaturalnie.pl\/wp-content\/uploads\/2023\/09\/voucher-1-300x290.jpg 300w, https:\/\/klinikanaturalnie.pl\/wp-content\/uploads\/2023\/09\/voucher-1-768x741.jpg 768w, https:\/\/klinikanaturalnie.pl\/wp-content\/uploads\/2023\/09\/voucher-1.jpg 1445w\" sizes=\"auto, (max-width: 1024px) 100vw, 1024px\" \/><\/figure>\n<\/div>\n\n\n\n<div class=\"wp-block-column is-layout-flow wp-block-column-is-layout-flow\">\n<div class=\"wp-block-getwid-advanced-heading\" style=\"margin-bottom:30px;margin-top:10px\"><h2 class=\"wp-block-getwid-advanced-heading__content\" style=\"text-align:left\">PODARUJ VOUCHER <br>BLISKIEJ OSOBIE<\/h2><\/div>\n\n\n\n<div style=\"height:20px\" aria-hidden=\"true\" class=\"wp-block-spacer\"><\/div>\n\n\n\n<p>Zapoznaj si\u0119 z ofert\u0105 na naszym <a href=\"http:\/\/klinikanaturalnie.booksy.com\/a\">Booksy<\/a> lub w wiadomo\u015bci prywatnej na <a href=\"https:\/\/www.facebook.com\/klinika.naturalnie\/\">Facebooku<\/a> lub <a href=\"https:\/\/www.instagram.com\/klinika.naturalnie\/\">Instagramie<\/a>.<\/p>\n\n\n\n<div style=\"height:15px\" aria-hidden=\"true\" class=\"wp-block-spacer\"><\/div>\n\n\n\n<div class=\"wp-block-columns is-layout-flex wp-container-core-columns-is-layout-9d6595d7 wp-block-columns-is-layout-flex\">\n<div class=\"wp-block-column is-layout-flow wp-block-column-is-layout-flow\">\n<div class=\"wp-block-buttons is-layout-flex wp-block-buttons-is-layout-flex\">\n<div class=\"wp-block-button btn mrgzero\"><a class=\"wp-block-button__link has-white-color has-black-background-color has-text-color has-background wp-element-button\" href=\"http:\/\/klinikanaturalnie.booksy.com\/a\" style=\"border-radius:1px\">ZOBACZ<\/a><\/div>\n<\/div>\n<\/div>\n<\/div>\n<\/div>\n<\/div>\n<\/div><\/div><\/div><\/div><\/div>\n","protected":false},"excerpt":{"rendered":"","protected":false},"author":1,"featured_media":0,"parent":0,"menu_order":0,"comment_status":"closed","ping_status":"closed","template":"","meta":{"footnotes":""},"class_list":["post-335","page","type-page","status-publish","hentry"],"_links":{"self":[{"href":"https:\/\/klinikanaturalnie.pl\/index.php?rest_route=\/wp\/v2\/pages\/335","targetHints":{"allow":["GET"]}}],"collection":[{"href":"https:\/\/klinikanaturalnie.pl\/index.php?rest_route=\/wp\/v2\/pages"}],"about":[{"href":"https:\/\/klinikanaturalnie.pl\/index.php?rest_route=\/wp\/v2\/types\/page"}],"author":[{"embeddable":true,"href":"https:\/\/klinikanaturalnie.pl\/index.php?rest_route=\/wp\/v2\/users\/1"}],"replies":[{"embeddable":true,"href":"https:\/\/klinikanaturalnie.pl\/index.php?rest_route=%2Fwp%2Fv2%2Fcomments&post=335"}],"version-history":[{"count":6,"href":"https:\/\/klinikanaturalnie.pl\/index.php?rest_route=\/wp\/v2\/pages\/335\/revisions"}],"predecessor-version":[{"id":1125,"href":"https:\/\/klinikanaturalnie.pl\/index.php?rest_route=\/wp\/v2\/pages\/335\/revisions\/1125"}],"wp:attachment":[{"href":"https:\/\/klinikanaturalnie.pl\/index.php?rest_route=%2Fwp%2Fv2%2Fmedia&parent=335"}],"curies":[{"name":"wp","href":"https:\/\/api.w.org\/{rel}","templated":true}]}}